{"id":8,"date":"2017-02-11T12:16:35","date_gmt":"2017-02-11T12:16:35","guid":{"rendered":"http:\/\/ngocbichnguyen.com\/?page_id=8"},"modified":"2017-03-27T23:45:42","modified_gmt":"2017-03-27T16:45:42","slug":"gioi-thieu","status":"publish","type":"page","link":"https:\/\/ngocbichnguyen.com\/?page_id=8","title":{"rendered":"Gi\u1edbi thi\u1ec7u"},"content":{"rendered":"<p><span style=\"color: #000000;\"><strong>Xu\u1ea5t th\u00e2n l\u00e0 ng\u01b0\u1eddi con th\u1ee9 9 trong m\u1ed9t gia \u0111\u00ecnh c\u00f3 t\u1edbi 11 anh ch\u1ecb em t\u1ea1i t\u1ec9nh T\u00e2y Ninh. Tu\u1ed5i th\u01a1 g\u1eafn li\u1ec1n v\u1edbi nh\u1eefng lu\u1ed1ng rau m\u00e0u; v\u00ec \u0111\u00f3 ch\u00ednh l\u00e0 ngu\u1ed3n thu nh\u1eadp ch\u00ednh cho c\u1ea3 gia \u0111\u00ecnh l\u00fac b\u1ea5y gi\u1edd. M\u1ed9t tu\u1ed5i th\u01a1 thi\u1ebfu th\u1ed1n v\u1ec1 m\u1eb7t v\u1eadt ch\u1ea5t khi m\u1ed9t bu\u1ed5i \u0111i h\u1ecdc v\u00e0 m\u1ed9t bu\u1ed5i ph\u1ea3i theo gia \u0111\u00ecnh ra c\u00e1c lu\u1ed1ng rau \u0111\u1ec3 thu ho\u1ea1ch v\u00e0 mang ra ch\u1ee3 b\u00e1n.<\/strong><\/span><\/p>\n<p><span style=\"color: #000000;\"><img loading=\"lazy\" decoding=\"async\" class=\"wp-image-66 size-full aligncenter\" src=\"http:\/\/ngocbichnguyen.com\/wp-content\/uploads\/2017\/02\/mg_3895.jpg\" width=\"216\" height=\"299\" \/><\/span><\/p>\n<p><span style=\"color: #000000;\"><strong>Nh\u01b0ng \u1ea9n ch\u1ee9a sau s\u1ef1 kh\u1ed1n kh\u00f3 l\u00e0 m\u1ed9t ni\u1ec1m may m\u1eafn hi\u1ebfm th\u1ea5y khi gia \u0111\u00ecnh l\u00fac n\u00e0o c\u0169ng n\u1ec1 n\u1ebfp, tr\u00ean k\u00ednh d\u01b0\u1edbi nh\u01b0\u1eddng v\u00e0 c\u00f9ng tr\u00e0n ng\u1eadp trong ti\u1ebfng c\u01b0\u1eddi v\u1ec1 s\u1ef1 h\u1ea1nh ph\u00fac sum v\u1ea7y\u2026 B\u1edfi v\u1eady, \u1ea9n s\u00e2u trong c\u00f4 g\u00e1i c\u00f3 phong s\u1ed1ng \u0111\u01a1n gi\u1ea3n \u1ea5y l\u00e0 m\u1ed9t tr\u00e1i tim lu\u00f4n c\u0103ng tr\u00e0n t\u00ecnh y\u00eau th\u01b0\u01a1ng d\u00e0nh cho ba m\u1eb9, lu\u00f4n h\u01b0\u1edbng thi\u1ec7n <\/strong><strong>v<\/strong><strong>\u00e0 \u0111\u1eb7c bi\u1ec7t lu\u00f4n c\u00f3 ni\u1ec1m tin tuy\u1ec7t \u0111\u1ed1i v\u00e0o \u0110\u1ea5ng\u00a0t\u1ed1i cao!<\/strong><\/span><\/p>\n<p><span style=\"color: #000000;\"><strong>L\u1ef1a ch\u1ecdn cho m\u00ecnh m\u1ed9t phong c\u00e1ch s\u1ed1ng \u0111\u01a1n gi\u1ea3n t\u1eeb ngo\u1ea1i h\u00ecnh cho \u0111\u1ebfn c\u00e1ch giao ti\u1ebfp x\u00e3 h\u1ed9i. \u0110\u00f4i khi c\u00f3 ph\u1ea7n h\u01a1i tr\u1ea7m t\u0129nh gi\u1eefa ch\u1ed1n \u0111\u00f4ng ng\u01b0\u1eddi. Nh\u01b0ng \u1ea9n sau nh\u1eefng th\u1ee9 \u1ea5y l\u00e0 m\u1ed9t s\u1ef1 ch\u00e2n th\u00e0nh m\u1ed9c m\u1ea1c v\u00e0 t\u00ednh t\u1ef1 l\u1eadp cao, m\u1ed9t \u00fd ch\u00ed c\u1ee9ng nh\u01b0 \u0111\u00e1!<\/strong><\/span><\/p>\n<p><span style=\"color: #000000;\"><strong>V\u00e0 v\u1edbi \u01b0\u1edbc m\u01a1 ch\u00e1y b\u1ecfng v\u1ec1 <\/strong><strong>kinh doanh<\/strong><strong>\u00a0<\/strong><strong>h\u01b0\u1edbng \u0111\u1ebfn l\u1ee3i \u00edch cho c\u1ed9ng \u0111\u1ed3ng. \u0110\u1eb7c bi\u1ec7t l\u00e0 l\u0129nh v\u1ef1c N\u00f4ng Nghi\u1ec7p.<\/strong><\/span><\/p>\n<p><span style=\"color: #000000;\">V\u1edbi \u01b0u th\u1ebf v\u1ec1 <em>T\u00e0i nguy\u00ean thi\u00ean nhi\u00ean<\/em> v\u00e0 <em>Kh\u00ed h\u1eadu<\/em>, Vi\u1ec7t Nam l\u00e0 n\u01b0\u1edbc c\u00f3 n\u1ec1n n\u00f4ng nghi\u1ec7p ph\u00e1t tri\u1ec3n V\u00e0 C\u00e2y s\u1eafn l\u00e0 01 trong 03 lo\u1ea1i c\u00e2y ch\u1ee7 l\u1ef1c c\u1ee7a Vi\u1ec7t Nam <em>(sau l\u00faa v\u00e0 ng\u00f4)<\/em>. Vai tr\u00f2 c\u1ee7a c\u00e2y s\u1eafn \u0111\u01b0\u1ee3c chuy\u1ec3n \u0111\u1ed5i t\u1eeb c\u00e2y l\u01b0\u01a1ng th\u1ef1c th\u00e0nh c\u00e2y c\u00f4ng nghi\u1ec7p. S\u1eafn c\u00f2n \u0111\u01b0\u1ee3c coi l\u00e0 c\u00e2y <em><strong>\u201cxo\u00e1 \u0111\u00f3i gi\u1ea3m ngh\u00e8o\u201d<\/strong><\/em> c\u1ee7a b\u00e0 con n\u00f4ng d\u00e2n.<\/span><\/p>\n<p><span style=\"color: #000000;\">Tr\u0103n tr\u1edf c\u1ee7a t\u00f4i ch\u00ednh l\u00e0 \u0111\u01b0a c\u00e2y s\u1eafn ph\u00e1t tri\u1ec3n ra th\u1ecb tr\u01b0\u1eddng th\u1ebf gi\u1edbi, ph\u00e1t huy ti\u1ec1n n\u0103ng c\u1ee7a c\u00e2y s\u1eafn, g\u00f3p ph\u1ea7n th\u00fac \u0111\u1ea9y n\u1ec1n n\u00f4ng nghi\u1ec7p Vi\u1ec7t nam ph\u00e1t tri\u1ec3n Kinh t\u1ebf x\u00e3 H\u1ed9i.<\/span><\/p>\n<p><span style=\"color: #000000;\"><strong>Y\u00eau Thi\u00ean nhi\u00ean, y\u00eau \u0111\u1ed9ng v\u1eadt, th\u00edch \u0111\u01b0\u1ee3c kh\u00e1m ph\u00e1 v\u00e0 tr\u1ea3i nghi\u1ec7m n\u1ec1n v\u0103n h\u00f3a \u1edf kh\u1eafp n\u01a1i.<\/strong><\/span><\/p>\n<p>&nbsp;<\/p>\n<p><span style=\"color: #000000;\">V\u1edbi t\u1ea7m nh\u00ecn t\u01b0\u01a1ng lai s\u1ebd c\u00f3 m\u1ed9t doanh nghi\u1ec7p ri\u00eang g\u00f3p ph\u1ea7n <strong>th\u00fac \u0111\u1ea9y n\u1ec1n n\u00f4ng nghi\u1ec7p Vi\u1ec7t nam ph\u00e1t tri\u1ec3n Kinh t\u1ebf x\u00e3 H\u1ed9i<\/strong>, <strong>k\u1ebft n\u1ed1i v\u00e0 c\u00f9ng \u0111\u1ed3ng h\u00e0nh v\u1edbi c\u00e1c trung t\u00e2m nu\u00f4i d\u01b0\u1ee1ng tr\u1ebb m\u1ed3 c\u00f4i, ng\u01b0\u1eddi gi\u00e0 neo \u0111\u01a1n, ng\u01b0\u1eddi c\u01a1 nh\u1ee1<\/strong>\u2026 <em>(ngh\u0129a l\u00e0 h\u1ec7 th\u1ed1ng n\u00e0y s\u1ebd t\u1ea1o c\u00f4ng \u0103n, vi\u1ec7c l\u00e0m cho ng\u01b0\u1eddi c\u00f3 ho\u00e0n c\u1ea3nh kh\u00f3 kh\u0103n: M\u1ed9t chu\u1ed7i s\u1ea3n ph\u1ea9m \u0111\u01b0\u1ee3c l\u00e0m t\u1eeb nh\u1eefng ng\u01b0\u1eddi c\u00f2n c\u00f3 kh\u1ea3 n\u0103ng lao \u0111\u1ed9ng\u2026, ph\u1ea7n doanh thu s\u1ebd \u0111\u01b0\u1ee3c chia s\u1ebb cho c\u00e1c trung t\u00e2m v\u00e0 ti\u1ebfp t\u1ee5c \u0111\u1ea7u t\u01b0 ph\u00e1t tri\u1ec3n c\u00f4ng ty\u2026)<\/em><\/span><\/p>\n<p><span style=\"color: #000000;\">Ngo\u00e0i ra, m\u1ee5c ti\u00eau c\u00e1 nh\u00e2n c\u0169ng nh\u01b0 bao ph\u1ee5 n\u1eef kh\u00e1c: Lu\u00f4n \u01b0\u1edbc m\u01a1 v\u1ec1 <strong>m\u1ed9t gia \u0111\u00ecnh nh\u1ecf<\/strong> v\u00e0 c<strong>\u00f3 con c\u00e1i<\/strong>,<strong>ng\u01b0\u1eddi ch\u1ed3ng c\u00f3 chung t\u1ea5m l\u00f2ng<\/strong> v\u00e0 <strong>chung th\u1ee7y<\/strong>, c\u00f3 <strong>m\u00e1i gia \u0111\u00ecnh \u1ea5m c\u00fang,<\/strong>\u00a0<strong>\u0111\u01a1n s\u01a1<\/strong> \u2013 <strong>gi\u1ea3n d\u1ecb<\/strong>.<\/span><\/p>\n<p><span style=\"color: #000000;\">B\u1eb1ng m\u1ed9t ni\u1ec1m tin tuy\u1ec7t \u0111\u1ed1i v\u1ec1 nh\u1eefng g\u00ec m\u00ecnh \u0111ang theo \u0111u\u1ed5i v\u00e0 mang \u0111\u1ebfn x\u00e3 h\u1ed9i nguy\u00ean li\u1ec7u v\u00f4 c\u00f9ng quan tr\u1ecdng kh\u00f4ng th\u1ec3 thi\u1ebfu trong \u0111\u1eddi s\u1ed1ng \u0111\u00f3 l\u00e0 <strong>TINH B\u1ed8T S\u1eaeN<\/strong> v\u00e0 c\u00e1c s\u1ea3n ph\u1ea9m t\u1eeb ngu\u1ed3n <strong>N\u00f4ng S\u1ea3n Vi\u1ec7t Nam<\/strong>.<\/span><\/p>\n<p><span style=\"color: #000000;\"><strong>Nguy\u1ec5n Th\u1ecb Ng\u1ecdc B\u00edch<\/strong> \u0111ang n\u1ed7 l\u1ef1c \u2013 h\u1ecdc t\u1eadp t\u1eebng ng\u00e0y \u0111\u1ec3 tr\u1edf th\u00e0nh m\u1ed9t ng\u01b0\u1eddi l\u00e3nh \u0111\u1ea1o, ng\u01b0\u1eddi qu\u1ea3n l\u00fd hi\u1ec7u qu\u1ea3. <strong>S\u1ed1ng tr\u1ecdn v\u1eb9n v\u1edbi s\u1ee9 m\u1ec7nh<\/strong>\u00a0c\u1ee7a \u0111\u1eddi m\u00ecnh, \u0111\u1ec3 cu\u1ed9c s\u1ed1ng n\u00e0y c\u00f3 \u00fd ngh\u0129a!<\/span><\/p>\n","protected":false},"excerpt":{"rendered":"<p>Xu\u1ea5t th\u00e2n l\u00e0 ng\u01b0\u1eddi con th\u1ee9 9 trong m\u1ed9t gia \u0111\u00ecnh c\u00f3 t\u1edbi 11 anh ch\u1ecb em t\u1ea1i t\u1ec9nh T\u00e2y Ninh. Tu\u1ed5i th\u01a1 g\u1eafn li\u1ec1n v\u1edbi nh\u1eefng lu\u1ed1ng rau m\u00e0u; v\u00ec \u0111\u00f3 ch\u00ednh l\u00e0 ngu\u1ed3n thu nh\u1eadp ch\u00ednh cho c\u1ea3 gia \u0111\u00ecnh l\u00fac b\u1ea5y gi\u1edd. M\u1ed9t tu\u1ed5i th\u01a1 thi\u1ebfu th\u1ed1n v\u1ec1 m\u1eb7t v\u1eadt ch\u1ea5t khi &hellip;<\/p>\n","protected":false},"author":1,"featured_media":63,"parent":0,"menu_order":0,"comment_status":"closed","ping_status":"closed","template":"","meta":{"_exactmetrics_skip_tracking":false,"_exactmetrics_sitenote_active":false,"_exactmetrics_sitenote_note":"","_exactmetrics_sitenote_category":0,"footnotes":""},"yoast_head":"<!-- This site is optimized with the Yoast SEO plugin v21.5 - https:\/\/yoast.com\/wordpress\/plugins\/seo\/ -->\n<title>Gi\u1edbi thi\u1ec7u - Ng\u1ecdc B\u00edch Nguy\u1ec5n<\/title>\n<meta name=\"robots\" content=\"index, follow, max-snippet:-1, max-image-preview:large, max-video-preview:-1\" \/>\n<link rel=\"canonical\" href=\"https:\/\/ngocbichnguyen.com\/?page_id=8\" \/>\n<meta property=\"og:locale\" content=\"vi_VN\" \/>\n<meta property=\"og:type\" content=\"article\" \/>\n<meta property=\"og:title\" content=\"Gi\u1edbi thi\u1ec7u - Ng\u1ecdc B\u00edch Nguy\u1ec5n\" \/>\n<meta property=\"og:description\" content=\"Xu\u1ea5t th\u00e2n l\u00e0 ng\u01b0\u1eddi con th\u1ee9 9 trong m\u1ed9t gia \u0111\u00ecnh c\u00f3 t\u1edbi 11 anh ch\u1ecb em t\u1ea1i t\u1ec9nh T\u00e2y Ninh. Tu\u1ed5i th\u01a1 g\u1eafn li\u1ec1n v\u1edbi nh\u1eefng lu\u1ed1ng rau m\u00e0u; v\u00ec \u0111\u00f3 ch\u00ednh l\u00e0 ngu\u1ed3n thu nh\u1eadp ch\u00ednh cho c\u1ea3 gia \u0111\u00ecnh l\u00fac b\u1ea5y gi\u1edd. M\u1ed9t tu\u1ed5i th\u01a1 thi\u1ebfu th\u1ed1n v\u1ec1 m\u1eb7t v\u1eadt ch\u1ea5t khi &hellip;\" \/>\n<meta property=\"og:url\" content=\"https:\/\/ngocbichnguyen.com\/?page_id=8\" \/>\n<meta property=\"og:site_name\" content=\"Ng\u1ecdc B\u00edch Nguy\u1ec5n\" \/>\n<meta property=\"article:publisher\" content=\"https:\/\/www.facebook.com\/ngocbichtn111\" \/>\n<meta property=\"article:modified_time\" content=\"2017-03-27T16:45:42+00:00\" \/>\n<meta property=\"og:image\" content=\"https:\/\/ngocbichnguyen.com\/wp-content\/uploads\/2017\/02\/bich4.jpg\" \/>\n\t<meta property=\"og:image:width\" content=\"959\" \/>\n\t<meta property=\"og:image:height\" content=\"638\" \/>\n\t<meta property=\"og:image:type\" content=\"image\/jpeg\" \/>\n<meta name=\"twitter:card\" content=\"summary_large_image\" \/>\n<meta name=\"twitter:label1\" content=\"\u01af\u1edbc t\u00ednh th\u1eddi gian \u0111\u1ecdc\" \/>\n\t<meta name=\"twitter:data1\" content=\"5 ph\u00fat\" \/>\n<script type=\"application\/ld+json\" class=\"yoast-schema-graph\">{\"@context\":\"https:\/\/schema.org\",\"@graph\":[{\"@type\":\"WebPage\",\"@id\":\"https:\/\/ngocbichnguyen.com\/?page_id=8\",\"url\":\"https:\/\/ngocbichnguyen.com\/?page_id=8\",\"name\":\"Gi\u1edbi thi\u1ec7u - Ng\u1ecdc B\u00edch Nguy\u1ec5n\",\"isPartOf\":{\"@id\":\"https:\/\/ngocbichnguyen.com\/#website\"},\"datePublished\":\"2017-02-11T12:16:35+00:00\",\"dateModified\":\"2017-03-27T16:45:42+00:00\",\"breadcrumb\":{\"@id\":\"https:\/\/ngocbichnguyen.com\/?page_id=8#breadcrumb\"},\"inLanguage\":\"vi\",\"potentialAction\":[{\"@type\":\"ReadAction\",\"target\":[\"https:\/\/ngocbichnguyen.com\/?page_id=8\"]}]},{\"@type\":\"BreadcrumbList\",\"@id\":\"https:\/\/ngocbichnguyen.com\/?page_id=8#breadcrumb\",\"itemListElement\":[{\"@type\":\"ListItem\",\"position\":1,\"name\":\"Home\",\"item\":\"https:\/\/ngocbichnguyen.com\/\"},{\"@type\":\"ListItem\",\"position\":2,\"name\":\"Gi\u1edbi thi\u1ec7u\"}]},{\"@type\":\"WebSite\",\"@id\":\"https:\/\/ngocbichnguyen.com\/#website\",\"url\":\"https:\/\/ngocbichnguyen.com\/\",\"name\":\"Ng\u1ecdc B\u00edch Nguy\u1ec5n\",\"description\":\"www.ngocbichnguyen.com\",\"potentialAction\":[{\"@type\":\"SearchAction\",\"target\":{\"@type\":\"EntryPoint\",\"urlTemplate\":\"https:\/\/ngocbichnguyen.com\/?s={search_term_string}\"},\"query-input\":\"required name=search_term_string\"}],\"inLanguage\":\"vi\"}]}<\/script>\n<!-- \/ Yoast SEO plugin. -->","yoast_head_json":{"title":"Gi\u1edbi thi\u1ec7u - Ng\u1ecdc B\u00edch Nguy\u1ec5n","robots":{"index":"index","follow":"follow","max-snippet":"max-snippet:-1","max-image-preview":"max-image-preview:large","max-video-preview":"max-video-preview:-1"},"canonical":"https:\/\/ngocbichnguyen.com\/?page_id=8","og_locale":"vi_VN","og_type":"article","og_title":"Gi\u1edbi thi\u1ec7u - Ng\u1ecdc B\u00edch Nguy\u1ec5n","og_description":"Xu\u1ea5t th\u00e2n l\u00e0 ng\u01b0\u1eddi con th\u1ee9 9 trong m\u1ed9t gia \u0111\u00ecnh c\u00f3 t\u1edbi 11 anh ch\u1ecb em t\u1ea1i t\u1ec9nh T\u00e2y Ninh. Tu\u1ed5i th\u01a1 g\u1eafn li\u1ec1n v\u1edbi nh\u1eefng lu\u1ed1ng rau m\u00e0u; v\u00ec \u0111\u00f3 ch\u00ednh l\u00e0 ngu\u1ed3n thu nh\u1eadp ch\u00ednh cho c\u1ea3 gia \u0111\u00ecnh l\u00fac b\u1ea5y gi\u1edd. M\u1ed9t tu\u1ed5i th\u01a1 thi\u1ebfu th\u1ed1n v\u1ec1 m\u1eb7t v\u1eadt ch\u1ea5t khi &hellip;","og_url":"https:\/\/ngocbichnguyen.com\/?page_id=8","og_site_name":"Ng\u1ecdc B\u00edch Nguy\u1ec5n","article_publisher":"https:\/\/www.facebook.com\/ngocbichtn111","article_modified_time":"2017-03-27T16:45:42+00:00","og_image":[{"width":959,"height":638,"url":"https:\/\/ngocbichnguyen.com\/wp-content\/uploads\/2017\/02\/bich4.jpg","type":"image\/jpeg"}],"twitter_card":"summary_large_image","twitter_misc":{"\u01af\u1edbc t\u00ednh th\u1eddi gian \u0111\u1ecdc":"5 ph\u00fat"},"schema":{"@context":"https:\/\/schema.org","@graph":[{"@type":"WebPage","@id":"https:\/\/ngocbichnguyen.com\/?page_id=8","url":"https:\/\/ngocbichnguyen.com\/?page_id=8","name":"Gi\u1edbi thi\u1ec7u - Ng\u1ecdc B\u00edch Nguy\u1ec5n","isPartOf":{"@id":"https:\/\/ngocbichnguyen.com\/#website"},"datePublished":"2017-02-11T12:16:35+00:00","dateModified":"2017-03-27T16:45:42+00:00","breadcrumb":{"@id":"https:\/\/ngocbichnguyen.com\/?page_id=8#breadcrumb"},"inLanguage":"vi","potentialAction":[{"@type":"ReadAction","target":["https:\/\/ngocbichnguyen.com\/?page_id=8"]}]},{"@type":"BreadcrumbList","@id":"https:\/\/ngocbichnguyen.com\/?page_id=8#breadcrumb","itemListElement":[{"@type":"ListItem","position":1,"name":"Home","item":"https:\/\/ngocbichnguyen.com\/"},{"@type":"ListItem","position":2,"name":"Gi\u1edbi thi\u1ec7u"}]},{"@type":"WebSite","@id":"https:\/\/ngocbichnguyen.com\/#website","url":"https:\/\/ngocbichnguyen.com\/","name":"Ng\u1ecdc B\u00edch Nguy\u1ec5n","description":"www.ngocbichnguyen.com","potentialAction":[{"@type":"SearchAction","target":{"@type":"EntryPoint","urlTemplate":"https:\/\/ngocbichnguyen.com\/?s={search_term_string}"},"query-input":"required name=search_term_string"}],"inLanguage":"vi"}]}},"_links":{"self":[{"href":"https:\/\/ngocbichnguyen.com\/index.php?rest_route=\/wp\/v2\/pages\/8"}],"collection":[{"href":"https:\/\/ngocbichnguyen.com\/index.php?rest_route=\/wp\/v2\/pages"}],"about":[{"href":"https:\/\/ngocbichnguyen.com\/index.php?rest_route=\/wp\/v2\/types\/page"}],"author":[{"embeddable":true,"href":"https:\/\/ngocbichnguyen.com\/index.php?rest_route=\/wp\/v2\/users\/1"}],"replies":[{"embeddable":true,"href":"https:\/\/ngocbichnguyen.com\/index.php?rest_route=%2Fwp%2Fv2%2Fcomments&post=8"}],"version-history":[{"count":5,"href":"https:\/\/ngocbichnguyen.com\/index.php?rest_route=\/wp\/v2\/pages\/8\/revisions"}],"predecessor-version":[{"id":78,"href":"https:\/\/ngocbichnguyen.com\/index.php?rest_route=\/wp\/v2\/pages\/8\/revisions\/78"}],"wp:featuredmedia":[{"embeddable":true,"href":"https:\/\/ngocbichnguyen.com\/index.php?rest_route=\/wp\/v2\/media\/63"}],"wp:attachment":[{"href":"https:\/\/ngocbichnguyen.com\/index.php?rest_route=%2Fwp%2Fv2%2Fmedia&parent=8"}],"curies":[{"name":"wp","href":"https:\/\/api.w.org\/{rel}","templated":true}]}}