{"id":9,"date":"2017-02-11T12:16:36","date_gmt":"2017-02-11T12:16:36","guid":{"rendered":"http:\/\/ngocbichnguyen.com\/?page_id=9"},"modified":"2017-02-25T14:16:44","modified_gmt":"2017-02-25T07:16:44","slug":"lien-he","status":"publish","type":"page","link":"https:\/\/ngocbichnguyen.com\/?page_id=9","title":{"rendered":"Li\u00ean h\u1ec7"},"content":{"rendered":"<p><span style=\"color: #000000;\">Hi B\u1ea1n,<\/span><\/p>\n<p><span style=\"color: #000000;\">Ngay l\u00fac n\u00e0y c\u00f3 th\u1ec3 b\u1ea1n li\u00ean h\u1ec7 online v\u1edbi m\u00ecnh <strong>0985 21 41 31<\/strong><\/span><\/p>\n<p><span style=\"color: #000000;\">ho\u1eb7c qua email:\u00a0 <span style=\"color: #0000ff;\"><a style=\"color: #0000ff;\" href=\"mailto:ngocbich.tn111@gmail.com\">ngocbich.tn111@gmail.com<\/a><\/span>\u00a0hay qua trang facebook:<span style=\"color: #0000ff;\">\u00a0<a style=\"color: #0000ff;\" href=\"http:\/\/www.facebook.com\/NgocBichNguyen\">www.facebook.com\/ngocbich.nguyen.315<\/a>.<\/span><\/span><\/p>\n<p><span style=\"color: #000000;\">B\u1ea1n c\u0169ng c\u00f3 th\u1ec3 li\u00ean h\u1ec7 tr\u1ef1c ti\u1ebfp t\u1ea1i v\u0103n ph\u00f2ng th\u00f4ng tin sau:<\/span><\/p>\n<p><span style=\"color: #000000;\"><strong>\u0110\u1ecba ch\u1ec9:<\/strong>\u00a0 <strong>153\/14 \u0110i\u1ec7n Bi\u00ean Ph\u1ee7, P.15, Q. B\u00ecnh Th\u1ea1nh, Tp.H\u1ed3 Ch\u00ed Minh, Vi\u1ec7t Nam<\/strong><\/span><\/p>\n<p><span style=\"color: #000000;\"><strong>Hotline:<\/strong>\u00a0<strong>(08)8 68 20 800 \u2013 0985 21 41 31<\/strong><\/span><\/p>\n<p><span style=\"color: #000000;\"><strong>Email<\/strong>: <span style=\"color: #0000ff;\"><a style=\"color: #0000ff;\" href=\"mailto:vinastarchhcm@gmail.com\">vinastarchhcm@gmail.com<\/a><\/span><\/span><\/p>\n<p><span style=\"color: #000000;\">Website:\u00a0<span style=\"color: #0000ff;\"><a style=\"color: #0000ff;\" href=\"http:\/\/vinastarch.com\/\">www.v<\/a><a style=\"color: #0000ff;\" href=\"http:\/\/vinastarch.com\/\">inastarch.com<\/a><\/span>\u00a0hay\u00a0<span style=\"color: #0000ff;\"><a style=\"color: #0000ff;\" href=\"http:\/\/ngocbichnguyen.com\/\">www.NgocBichNguyen.com<\/a><\/span><\/span><\/p>\n<p><span style=\"color: #000000;\">B\u1ea1n c\u00f3 th\u1ec3\u00a0\u00a0li\u00ean h\u1ec7 v\u1edbi m\u00ecnh \u0111\u1ec3 trao \u0111\u1ed5i, chia s\u1ebb hay \u0111\u1ec3 c\u00f9ng nhau giao l\u01b0u h\u1ecdc h\u1ecfi v\u00e0 c\u00f9ng nhau ph\u00e1t tri\u1ec3n trong c\u00f4ng vi\u1ec7c c\u0169ng nh\u01b0 trong cu\u1ed9c s\u1ed1ng.<\/span><\/p>\n<h2><span style=\"color: #000000;\">\u00a0<\/span><\/h2>\n<h2><span style=\"color: #ff0000;\">Ho\u1eb7c qua form li\u00ean h\u1ec7 d\u01b0\u1edbi<\/span><\/h2>\n<p><span style=\"color: #000000;\"><div id=\"rainmaker_form_42\" class=\"rm_form_container rainmaker_form rm-form-style0 \" data-type=\"rm_contact\" data-form-id=\"42\"><div id=\"rm_form_error_message_42\" class=\"rm_form_error_message\" style=\"display:none\"><\/div><form action=\"\/index.php?rest_route=%2Fwp%2Fv2%2Fpages%2F9#rainmaker_form_42\"><div class=\"rm_form_el_set rm_form_el_name \"><label class=\"rm_form_label\">H\u1ecd v\u00e0 t\u00ean<\/label><input class=\"rm_form_field\" type=\"text\" name=\"name\" required placeholder=\"H\u1ecd v\u00e0 t\u00ean\" \/><\/div><div class=\"rm_form_el_set rm_form_el_email \"><label class=\"rm_form_label\">Email<\/label><input class=\"rm_form_field\" type=\"email\" name=\"email\" required placeholder=\"Email\" \/><\/div><div class=\"rm_form_el_set rm_form_el_subject \"><label class=\"rm_form_label\">Ti\u00eau \u0111\u1ec1 li\u00ean h\u1ec7<\/label><input class=\"rm_form_field\" type=\"text\" name=\"subject\" required placeholder=\"Ti\u00eau \u0111\u1ec1 li\u00ean h\u1ec7\" \/><\/div><div class=\"rm_form_el_set rm_form_el_message \"><label class=\"rm_form_label\">N\u1ed9i dung li\u00ean h\u1ec7<\/label><textarea rows=\"3\" maxlength=\"500\" autocomplete=\"off\" cols=\"65\" class=\"rm_form_field\" type=\"textarea\" name=\"message\" required placeholder=\"N\u1ed9i dung li\u00ean h\u1ec7\"><\/textarea><\/div><div class=\"rm_form_el_set rm_form_el_button \"><input class=\"rm_form_field rm_button\" type=\"submit\" name=\"button\" value=\"G\u1eedi\" \/><\/div><\/form><div class=\"rm-loader\"><\/div><\/div><div id=\"rm_form_message_42\" class=\"rm_form_message\" style=\"display:none\">C\u1ea3m \u01a1n b\u1ea1n \u0111\u00e3 li\u00ean h\u1ec7 Ng\u1ecdc B\u00edch<\/div><\/span><\/p>\n","protected":false},"excerpt":{"rendered":"<p>Hi B\u1ea1n, Ngay l\u00fac n\u00e0y c\u00f3 th\u1ec3 b\u1ea1n li\u00ean h\u1ec7 online v\u1edbi m\u00ecnh 0985 21 41 31 ho\u1eb7c qua email:\u00a0 ngocbich.tn111@gmail.com\u00a0hay qua trang facebook:\u00a0www.facebook.com\/ngocbich.nguyen.315. B\u1ea1n c\u0169ng c\u00f3 th\u1ec3 li\u00ean h\u1ec7 tr\u1ef1c ti\u1ebfp t\u1ea1i v\u0103n ph\u00f2ng th\u00f4ng tin sau: \u0110\u1ecba ch\u1ec9:\u00a0 153\/14 \u0110i\u1ec7n Bi\u00ean Ph\u1ee7, P.15, Q. B\u00ecnh Th\u1ea1nh, Tp.H\u1ed3 Ch\u00ed Minh, Vi\u1ec7t Nam Hotline:\u00a0(08)8 68 &hellip;<\/p>\n","protected":false},"author":1,"featured_media":66,"parent":0,"menu_order":0,"comment_status":"closed","ping_status":"closed","template":"","meta":{"_exactmetrics_skip_tracking":false,"_exactmetrics_sitenote_active":false,"_exactmetrics_sitenote_note":"","_exactmetrics_sitenote_category":0,"footnotes":""},"yoast_head":"<!-- This site is optimized with the Yoast SEO plugin v21.5 - https:\/\/yoast.com\/wordpress\/plugins\/seo\/ -->\n<title>Li\u00ean h\u1ec7 - Ng\u1ecdc B\u00edch Nguy\u1ec5n<\/title>\n<meta name=\"robots\" content=\"index, follow, max-snippet:-1, max-image-preview:large, max-video-preview:-1\" \/>\n<link rel=\"canonical\" href=\"http:\/\/ngocbichnguyen.com\/?page_id=9\" \/>\n<meta property=\"og:locale\" content=\"vi_VN\" \/>\n<meta property=\"og:type\" content=\"article\" \/>\n<meta property=\"og:title\" content=\"Li\u00ean h\u1ec7 - Ng\u1ecdc B\u00edch Nguy\u1ec5n\" \/>\n<meta property=\"og:description\" content=\"Hi B\u1ea1n, Ngay l\u00fac n\u00e0y c\u00f3 th\u1ec3 b\u1ea1n li\u00ean h\u1ec7 online v\u1edbi m\u00ecnh 0985 21 41 31 ho\u1eb7c qua email:\u00a0 ngocbich.tn111@gmail.com\u00a0hay qua trang facebook:\u00a0www.facebook.com\/ngocbich.nguyen.315. B\u1ea1n c\u0169ng c\u00f3 th\u1ec3 li\u00ean h\u1ec7 tr\u1ef1c ti\u1ebfp t\u1ea1i v\u0103n ph\u00f2ng th\u00f4ng tin sau: \u0110\u1ecba ch\u1ec9:\u00a0 153\/14 \u0110i\u1ec7n Bi\u00ean Ph\u1ee7, P.15, Q. B\u00ecnh Th\u1ea1nh, Tp.H\u1ed3 Ch\u00ed Minh, Vi\u1ec7t Nam Hotline:\u00a0(08)8 68 &hellip;\" \/>\n<meta property=\"og:url\" content=\"http:\/\/ngocbichnguyen.com\/?page_id=9\" \/>\n<meta property=\"og:site_name\" content=\"Ng\u1ecdc B\u00edch Nguy\u1ec5n\" \/>\n<meta property=\"article:publisher\" content=\"https:\/\/www.facebook.com\/ngocbichtn111\" \/>\n<meta property=\"article:modified_time\" content=\"2017-02-25T07:16:44+00:00\" \/>\n<meta property=\"og:image\" content=\"http:\/\/ngocbichnguyen.com\/wp-content\/uploads\/2017\/02\/mg_3895.jpg\" \/>\n\t<meta property=\"og:image:width\" content=\"216\" \/>\n\t<meta property=\"og:image:height\" content=\"299\" \/>\n\t<meta property=\"og:image:type\" content=\"image\/jpeg\" \/>\n<meta name=\"twitter:card\" content=\"summary_large_image\" \/>\n<meta name=\"twitter:label1\" content=\"\u01af\u1edbc t\u00ednh th\u1eddi gian \u0111\u1ecdc\" \/>\n\t<meta name=\"twitter:data1\" content=\"1 ph\u00fat\" \/>\n<script type=\"application\/ld+json\" class=\"yoast-schema-graph\">{\"@context\":\"https:\/\/schema.org\",\"@graph\":[{\"@type\":\"WebPage\",\"@id\":\"http:\/\/ngocbichnguyen.com\/?page_id=9\",\"url\":\"http:\/\/ngocbichnguyen.com\/?page_id=9\",\"name\":\"Li\u00ean h\u1ec7 - Ng\u1ecdc B\u00edch Nguy\u1ec5n\",\"isPartOf\":{\"@id\":\"http:\/\/ngocbichnguyen.com\/#website\"},\"datePublished\":\"2017-02-11T12:16:36+00:00\",\"dateModified\":\"2017-02-25T07:16:44+00:00\",\"breadcrumb\":{\"@id\":\"http:\/\/ngocbichnguyen.com\/?page_id=9#breadcrumb\"},\"inLanguage\":\"vi\",\"potentialAction\":[{\"@type\":\"ReadAction\",\"target\":[\"http:\/\/ngocbichnguyen.com\/?page_id=9\"]}]},{\"@type\":\"BreadcrumbList\",\"@id\":\"http:\/\/ngocbichnguyen.com\/?page_id=9#breadcrumb\",\"itemListElement\":[{\"@type\":\"ListItem\",\"position\":1,\"name\":\"Home\",\"item\":\"http:\/\/ngocbichnguyen.com\/\"},{\"@type\":\"ListItem\",\"position\":2,\"name\":\"Li\u00ean h\u1ec7\"}]},{\"@type\":\"WebSite\",\"@id\":\"http:\/\/ngocbichnguyen.com\/#website\",\"url\":\"http:\/\/ngocbichnguyen.com\/\",\"name\":\"Ng\u1ecdc B\u00edch Nguy\u1ec5n\",\"description\":\"www.ngocbichnguyen.com\",\"potentialAction\":[{\"@type\":\"SearchAction\",\"target\":{\"@type\":\"EntryPoint\",\"urlTemplate\":\"http:\/\/ngocbichnguyen.com\/?s={search_term_string}\"},\"query-input\":\"required name=search_term_string\"}],\"inLanguage\":\"vi\"}]}<\/script>\n<!-- \/ Yoast SEO plugin. -->","yoast_head_json":{"title":"Li\u00ean h\u1ec7 - Ng\u1ecdc B\u00edch Nguy\u1ec5n","robots":{"index":"index","follow":"follow","max-snippet":"max-snippet:-1","max-image-preview":"max-image-preview:large","max-video-preview":"max-video-preview:-1"},"canonical":"http:\/\/ngocbichnguyen.com\/?page_id=9","og_locale":"vi_VN","og_type":"article","og_title":"Li\u00ean h\u1ec7 - Ng\u1ecdc B\u00edch Nguy\u1ec5n","og_description":"Hi B\u1ea1n, Ngay l\u00fac n\u00e0y c\u00f3 th\u1ec3 b\u1ea1n li\u00ean h\u1ec7 online v\u1edbi m\u00ecnh 0985 21 41 31 ho\u1eb7c qua email:\u00a0 ngocbich.tn111@gmail.com\u00a0hay qua trang facebook:\u00a0www.facebook.com\/ngocbich.nguyen.315. B\u1ea1n c\u0169ng c\u00f3 th\u1ec3 li\u00ean h\u1ec7 tr\u1ef1c ti\u1ebfp t\u1ea1i v\u0103n ph\u00f2ng th\u00f4ng tin sau: \u0110\u1ecba ch\u1ec9:\u00a0 153\/14 \u0110i\u1ec7n Bi\u00ean Ph\u1ee7, P.15, Q. B\u00ecnh Th\u1ea1nh, Tp.H\u1ed3 Ch\u00ed Minh, Vi\u1ec7t Nam Hotline:\u00a0(08)8 68 &hellip;","og_url":"http:\/\/ngocbichnguyen.com\/?page_id=9","og_site_name":"Ng\u1ecdc B\u00edch Nguy\u1ec5n","article_publisher":"https:\/\/www.facebook.com\/ngocbichtn111","article_modified_time":"2017-02-25T07:16:44+00:00","og_image":[{"width":216,"height":299,"url":"http:\/\/ngocbichnguyen.com\/wp-content\/uploads\/2017\/02\/mg_3895.jpg","type":"image\/jpeg"}],"twitter_card":"summary_large_image","twitter_misc":{"\u01af\u1edbc t\u00ednh th\u1eddi gian \u0111\u1ecdc":"1 ph\u00fat"},"schema":{"@context":"https:\/\/schema.org","@graph":[{"@type":"WebPage","@id":"http:\/\/ngocbichnguyen.com\/?page_id=9","url":"http:\/\/ngocbichnguyen.com\/?page_id=9","name":"Li\u00ean h\u1ec7 - Ng\u1ecdc B\u00edch Nguy\u1ec5n","isPartOf":{"@id":"http:\/\/ngocbichnguyen.com\/#website"},"datePublished":"2017-02-11T12:16:36+00:00","dateModified":"2017-02-25T07:16:44+00:00","breadcrumb":{"@id":"http:\/\/ngocbichnguyen.com\/?page_id=9#breadcrumb"},"inLanguage":"vi","potentialAction":[{"@type":"ReadAction","target":["http:\/\/ngocbichnguyen.com\/?page_id=9"]}]},{"@type":"BreadcrumbList","@id":"http:\/\/ngocbichnguyen.com\/?page_id=9#breadcrumb","itemListElement":[{"@type":"ListItem","position":1,"name":"Home","item":"http:\/\/ngocbichnguyen.com\/"},{"@type":"ListItem","position":2,"name":"Li\u00ean h\u1ec7"}]},{"@type":"WebSite","@id":"http:\/\/ngocbichnguyen.com\/#website","url":"http:\/\/ngocbichnguyen.com\/","name":"Ng\u1ecdc B\u00edch Nguy\u1ec5n","description":"www.ngocbichnguyen.com","potentialAction":[{"@type":"SearchAction","target":{"@type":"EntryPoint","urlTemplate":"http:\/\/ngocbichnguyen.com\/?s={search_term_string}"},"query-input":"required name=search_term_string"}],"inLanguage":"vi"}]}},"_links":{"self":[{"href":"https:\/\/ngocbichnguyen.com\/index.php?rest_route=\/wp\/v2\/pages\/9"}],"collection":[{"href":"https:\/\/ngocbichnguyen.com\/index.php?rest_route=\/wp\/v2\/pages"}],"about":[{"href":"https:\/\/ngocbichnguyen.com\/index.php?rest_route=\/wp\/v2\/types\/page"}],"author":[{"embeddable":true,"href":"https:\/\/ngocbichnguyen.com\/index.php?rest_route=\/wp\/v2\/users\/1"}],"replies":[{"embeddable":true,"href":"https:\/\/ngocbichnguyen.com\/index.php?rest_route=%2Fwp%2Fv2%2Fcomments&post=9"}],"version-history":[{"count":11,"href":"https:\/\/ngocbichnguyen.com\/index.php?rest_route=\/wp\/v2\/pages\/9\/revisions"}],"predecessor-version":[{"id":77,"href":"https:\/\/ngocbichnguyen.com\/index.php?rest_route=\/wp\/v2\/pages\/9\/revisions\/77"}],"wp:featuredmedia":[{"embeddable":true,"href":"https:\/\/ngocbichnguyen.com\/index.php?rest_route=\/wp\/v2\/media\/66"}],"wp:attachment":[{"href":"https:\/\/ngocbichnguyen.com\/index.php?rest_route=%2Fwp%2Fv2%2Fmedia&parent=9"}],"curies":[{"name":"wp","href":"https:\/\/api.w.org\/{rel}","templated":true}]}}